{"id":54,"date":"2013-11-29T10:56:17","date_gmt":"2013-11-29T09:56:17","guid":{"rendered":"http:\/\/localhost\/ereas\/?page_id=54"},"modified":"2026-02-24T11:51:51","modified_gmt":"2026-02-24T10:51:51","slug":"paroles-deleves","status":"publish","type":"page","link":"http:\/\/www.ereas.fr\/?page_id=54","title":{"rendered":"PAROLES D&rsquo;ELEVES"},"content":{"rendered":"<p style=\"text-align: center;\"><span style=\"color: #0000ff;\"><strong>PAROLES D&rsquo;\u00c9L\u00c8VES<\/strong><\/span><\/p>\n<p style=\"text-align: center;\"><span style=\"color: #0000ff;\"><strong>de CM2:<\/strong><\/span><\/p>\n<p style=\"text-align: center;\">\u00ab\u00a0Parler des amoureux , parler des r\u00e8gles\u00a0\u00bb<\/p>\n<p style=\"text-align: center;\"><span style=\"color: #000000;\">\u00ab\u00a0De parler de tout ce qu\u2019il va changer chez nous, surtout les r\u00e8gles\u00a0\u00bb<\/span><\/p>\n<p style=\"text-align: center;\"><span style=\"color: #000000;\">\u00ab\u00a0Parler de l\u2019adolescence et de la pubert\u00e9\u00a0\u00bb<\/span><\/p>\n<p style=\"text-align: center;\"><span style=\"color: #0000ff;\"><strong>de 4\u00e8me\u00a0\u00bb<\/strong><\/span><br \/>\n\u00ab j&rsquo;ai aim\u00e9 parler librement de certaines<br \/>\nchoses dont on aura s\u00fbrement<br \/>\nbesoin \u00e0 l&rsquo;avenir \u00bb.<br \/>\n\u00ab le respect, les r\u00e9ponses claires,<br \/>\nsans tabou \u00bb.<\/p>\n<p style=\"text-align: center;\"><span style=\"color: #0000ff;\"><strong>de 3\u00e8me<\/strong><\/span><br \/>\n\u00ab j&rsquo;ai aim\u00e9 parler sans honte et avec simplicit\u00e9 \u00bb<br \/>\n\u00ab respect de l&rsquo;autre \u00bb<br \/>\n\u00ab la premi\u00e8re fois c&rsquo;est quand on est pr\u00eat on n&rsquo;est pas oblig\u00e9 \u00bb<br \/>\n\u00ab la sexualit\u00e9 est unique, chacun est diff\u00e9rent \u00bb<\/p>\n<p style=\"text-align: center;\"><span style=\"color: #0000ff;\"><strong>de seconde:<\/strong><\/span><br \/>\n\u00ab\u00a0apprendre ce qu&rsquo;est la r\u00e9alit\u00e9 en dehors du porno\u00a0\u00bb<\/p>\n<p style=\"text-align: center;\">\u00ab\u00a0\u00eatre \u00e9clairci sur le consentement\u00a0\u00bb<\/p>\n<p style=\"text-align: center;\">\u00ab\u00a0parler sans honte\u00a0\u00bb<\/p>\n<p style=\"text-align: center;\">\u00ab\u00a0ne pas se mettre la pression\u00a0\u00bb<\/p>\n<p style=\"text-align: center;\"><span style=\"color: #0000ff;\"><strong>de 1\u00e8re:<\/strong><\/span><\/p>\n<div style=\"text-align: center;\">\u00ab\u00a0le consentement est la base\u00a0\u00bb<\/div>\n<div style=\"text-align: center;\">\u00ab\u00a0je peux dire non d\u00e8s que je veux\u00a0\u00bb<\/div>\n<div style=\"text-align: center;\">\u00ab\u00a0on est oblig\u00e9 de rien, il faut se respecter\u00a0\u00bb<\/div>\n<p style=\"text-align: center;\">\u00ab il faudrait avoir plus souvent<br \/>\ndes s\u00e9ances comme \u00e7a \u00bb<br \/>\n\u00ab pas de tabou \u00bb<br \/>\n\u00ab le respect homme \/femme. \u00bb<br \/>\n\u00ab respecter le choix de chacun,<br \/>\non est tous diff\u00e9rents \u00bb<\/p>\n<p style=\"text-align: center;\"><span style=\"color: #0000ff;\"><strong>de Terminale:<\/strong><\/span><br \/>\n\u00ab\u00a0pouvoir parler des relations saines et toxiques\u00a0\u00bb<br \/>\n\u00ab la libert\u00e9, respect et confiance \u00bb<\/p>\n<p style=\"text-align: center;\">\u00ab\u00a0d\u00e9battre sur l&rsquo;orientation sexuelle\u00a0\u00bb<\/p>\n<p style=\"text-align: center;\">\u00ab aborder des sujets tabous avec bienveillance\u00a0\u00bb,<\/p>\n<p style=\"text-align: center;\">\u00ab\u00a0que dans une relation il faut du respect, de la libert\u00e9 et de la confiance\u00a0\u00bb<\/p>\n","protected":false},"excerpt":{"rendered":"<p>PAROLES D&rsquo;\u00c9L\u00c8VES de CM2: \u00ab\u00a0Parler des amoureux , parler des r\u00e8gles\u00a0\u00bb \u00ab\u00a0De parler de tout ce qu\u2019il va changer chez nous, surtout les r\u00e8gles\u00a0\u00bb \u00ab\u00a0Parler de l\u2019adolescence et de la pubert\u00e9\u00a0\u00bb de 4\u00e8me\u00a0\u00bb \u00ab j&rsquo;ai aim\u00e9 parler librement de certaines choses dont on aura s\u00fbrement besoin \u00e0 l&rsquo;avenir \u00bb. \u00ab le respect, les r\u00e9ponses claires,&hellip;<\/p>\n","protected":false},"author":1,"featured_media":0,"parent":0,"menu_order":0,"comment_status":"closed","ping_status":"closed","template":"","meta":{"footnotes":""},"class_list":["post-54","page","type-page","status-publish","hentry"],"aioseo_notices":[],"_links":{"self":[{"href":"http:\/\/www.ereas.fr\/index.php?rest_route=\/wp\/v2\/pages\/54","targetHints":{"allow":["GET"]}}],"collection":[{"href":"http:\/\/www.ereas.fr\/index.php?rest_route=\/wp\/v2\/pages"}],"about":[{"href":"http:\/\/www.ereas.fr\/index.php?rest_route=\/wp\/v2\/types\/page"}],"author":[{"embeddable":true,"href":"http:\/\/www.ereas.fr\/index.php?rest_route=\/wp\/v2\/users\/1"}],"replies":[{"embeddable":true,"href":"http:\/\/www.ereas.fr\/index.php?rest_route=%2Fwp%2Fv2%2Fcomments&post=54"}],"version-history":[{"count":13,"href":"http:\/\/www.ereas.fr\/index.php?rest_route=\/wp\/v2\/pages\/54\/revisions"}],"predecessor-version":[{"id":426,"href":"http:\/\/www.ereas.fr\/index.php?rest_route=\/wp\/v2\/pages\/54\/revisions\/426"}],"wp:attachment":[{"href":"http:\/\/www.ereas.fr\/index.php?rest_route=%2Fwp%2Fv2%2Fmedia&parent=54"}],"curies":[{"name":"wp","href":"https:\/\/api.w.org\/{rel}","templated":true}]}}