{"id":50,"date":"2013-11-29T10:55:15","date_gmt":"2013-11-29T09:55:15","guid":{"rendered":"http:\/\/localhost\/ereas\/?page_id=50"},"modified":"2026-02-24T11:26:10","modified_gmt":"2026-02-24T10:26:10","slug":"la-loi","status":"publish","type":"page","link":"http:\/\/www.ereas.fr\/?page_id=50","title":{"rendered":"LA LOI"},"content":{"rendered":"<p>La loi du 4 juillet 2001, suivie de son d\u00e9cret d&rsquo;application de f\u00e9vrier 2003, confie \u00e0 l&rsquo;\u00e9cole l&rsquo;obligation d&rsquo;instaurer 3 s\u00e9ances annuelles d&rsquo;information et d\u2019\u00e9ducation \u00e0 la sexualit\u00e9, \u00e0 l&rsquo;\u00e9cole, au coll\u00e8ge et au lyc\u00e9e.<\/p>\n<p><span style=\"color: #0000ff;\"><strong>Circulaire adress\u00e9e aux recteurs d&rsquo;acad\u00e9mie:<\/strong><\/span><\/p>\n<p><a href=\"http:\/\/www.education.gouv.fr\/bo\/2003\/9\/ensel.htm\" target=\"_blank\" rel=\"noopener noreferrer\">Voir Circulaire<\/a><\/p>\n<p><strong><span style=\"color: #0000ff;\">Guide \u00e9dit\u00e9 par l&rsquo;\u00e9ducation nationale:\u00a0<\/span><\/strong><\/p>\n<p><a href=\"http:\/\/www.ereas.fr\/wp-content\/uploads\/2013\/11\/education_sexualite_intervention_114526.pdf\" target=\"_blank\" rel=\"noopener noreferrer\">education_sexualite_intervention_114526<\/a><\/p>\n\n\n<p><span style=\"color: #0000ff;\"><strong>Programme d&rsquo;\u00e9ducation EVARS (\u00e9ducation \u00e0 la vie relationnelle et sexuelle) de l&rsquo;\u00c9ducation Nationale (F\u00e9vrier 2025)<\/strong><\/span><\/p>\n<p><a href=\"https:\/\/www.education.gouv.fr\/un-programme-ambitieux-eduquer-la-vie-affective-et-relationnelle-et-la-sexualite-416296#chapitre-ancre10\">https:\/\/www.education.gouv.fr\/un-programme-ambitieux-eduquer-la-vie-affective-et-relationnelle-et-la-sexualite-416296#chapitre-ancre10<\/a><\/p>\n\n\n","protected":false},"excerpt":{"rendered":"<p>La loi du 4 juillet 2001, suivie de son d\u00e9cret d&rsquo;application de f\u00e9vrier 2003, confie \u00e0 l&rsquo;\u00e9cole l&rsquo;obligation d&rsquo;instaurer 3 s\u00e9ances annuelles d&rsquo;information et d\u2019\u00e9ducation \u00e0 la sexualit\u00e9, \u00e0 l&rsquo;\u00e9cole, au coll\u00e8ge et au lyc\u00e9e. Circulaire adress\u00e9e aux recteurs d&rsquo;acad\u00e9mie: Voir Circulaire Guide \u00e9dit\u00e9 par l&rsquo;\u00e9ducation nationale:\u00a0 education_sexualite_intervention_114526 Programme d&rsquo;\u00e9ducation EVARS (\u00e9ducation \u00e0 la vie&hellip;<\/p>\n","protected":false},"author":1,"featured_media":0,"parent":0,"menu_order":0,"comment_status":"closed","ping_status":"closed","template":"","meta":{"footnotes":""},"class_list":["post-50","page","type-page","status-publish","hentry"],"aioseo_notices":[],"_links":{"self":[{"href":"http:\/\/www.ereas.fr\/index.php?rest_route=\/wp\/v2\/pages\/50","targetHints":{"allow":["GET"]}}],"collection":[{"href":"http:\/\/www.ereas.fr\/index.php?rest_route=\/wp\/v2\/pages"}],"about":[{"href":"http:\/\/www.ereas.fr\/index.php?rest_route=\/wp\/v2\/types\/page"}],"author":[{"embeddable":true,"href":"http:\/\/www.ereas.fr\/index.php?rest_route=\/wp\/v2\/users\/1"}],"replies":[{"embeddable":true,"href":"http:\/\/www.ereas.fr\/index.php?rest_route=%2Fwp%2Fv2%2Fcomments&post=50"}],"version-history":[{"count":20,"href":"http:\/\/www.ereas.fr\/index.php?rest_route=\/wp\/v2\/pages\/50\/revisions"}],"predecessor-version":[{"id":412,"href":"http:\/\/www.ereas.fr\/index.php?rest_route=\/wp\/v2\/pages\/50\/revisions\/412"}],"wp:attachment":[{"href":"http:\/\/www.ereas.fr\/index.php?rest_route=%2Fwp%2Fv2%2Fmedia&parent=50"}],"curies":[{"name":"wp","href":"https:\/\/api.w.org\/{rel}","templated":true}]}}