{"id":5,"date":"2013-11-18T17:08:38","date_gmt":"2013-11-18T16:08:38","guid":{"rendered":"http:\/\/localhost\/ereas\/?page_id=5"},"modified":"2026-02-24T11:54:13","modified_gmt":"2026-02-24T10:54:13","slug":"qui-sommes-nous","status":"publish","type":"page","link":"http:\/\/www.ereas.fr\/?page_id=5","title":{"rendered":"QUI SOMMES NOUS?"},"content":{"rendered":"<p style=\"text-align: center;\">EREAS est une association, loi 1901, cr\u00e9\u00e9e en 2007 \u00e0 Quimper, regroupant entre autres, conseill\u00e8res conjugales et familiales, infirmi\u00e8res-pu\u00e9ricultrices, sage-femmes, \u00a0enseignants.<\/p>\n<p style=\"text-align: center;\">Nous souhaitons donner aux jeunes la possibilit\u00e9 de connaitre et de comprendre les dimensions de leur sexualit\u00e9.<\/p>\n<p style=\"text-align: center;\">C&rsquo;est une formation au discernement , \u00e0 l&rsquo;autonomie et une \u00e9ducation \u00e0 la responsabilit\u00e9.<\/p>\n<p style=\"text-align: center;\">Nous avons rencontr\u00e9 pr\u00e8s de 19 600 jeunes depuis la cr\u00e9ation de notre association.<\/p>\n<p style=\"text-align: center;\"><em><a href=\"http:\/\/www.ereas.fr\/wp-content\/uploads\/2024\/05\/Nombres-de-classes-vues-par-EREAS-1.pdf\" target=\"_blank\" rel=\"noopener\">Nombres de classes vues par EREAS<\/a><\/em><\/p>\n<p style=\"text-align: center;\"><em>Les personnes intervenant en milieu scolaire ont toutes suivi une formation : par exemple\u00a0\u00a0un Dipl\u00f4me Universitaire de Formateur en \u00e9ducation Sexuelle (DUFES), une formation par Couple et Famille, par l&rsquo;AFCCC, le planning Familial \u00a0ou par S\u00e9same.<\/em><\/p>\n<p style=\"text-align: center;\"><em><a href=\"http:\/\/www.ereas.fr\/wp-content\/uploads\/2013\/11\/plaquette-EREAS.pdf\" target=\"_blank\" rel=\"noopener noreferrer\">plaquette EREAS<\/a><\/em><\/p>\n<p style=\"text-align: center;\"><a href=\"http:\/\/www.ereas.fr\/wp-content\/uploads\/2013\/11\/enseignement_dufes.pdf\" target=\"_blank\" rel=\"noopener noreferrer\">enseignement_dufes<\/a><\/p>\n<p style=\"text-align: center;\"><a href=\"http:\/\/www.ereas.fr\/wp-content\/uploads\/2013\/11\/enseignement_dufes_prog.pdf\" target=\"_blank\" rel=\"noopener noreferrer\">enseignement_dufes_prog<\/a><\/p>\n","protected":false},"excerpt":{"rendered":"<p>EREAS est une association, loi 1901, cr\u00e9\u00e9e en 2007 \u00e0 Quimper, regroupant entre autres, conseill\u00e8res conjugales et familiales, infirmi\u00e8res-pu\u00e9ricultrices, sage-femmes, \u00a0enseignants. Nous souhaitons donner aux jeunes la possibilit\u00e9 de connaitre et de comprendre les dimensions de leur sexualit\u00e9. C&rsquo;est une formation au discernement , \u00e0 l&rsquo;autonomie et une \u00e9ducation \u00e0 la responsabilit\u00e9. Nous avons rencontr\u00e9&hellip;<\/p>\n","protected":false},"author":1,"featured_media":0,"parent":0,"menu_order":0,"comment_status":"closed","ping_status":"closed","template":"","meta":{"footnotes":""},"class_list":["post-5","page","type-page","status-publish","hentry"],"aioseo_notices":[],"_links":{"self":[{"href":"http:\/\/www.ereas.fr\/index.php?rest_route=\/wp\/v2\/pages\/5","targetHints":{"allow":["GET"]}}],"collection":[{"href":"http:\/\/www.ereas.fr\/index.php?rest_route=\/wp\/v2\/pages"}],"about":[{"href":"http:\/\/www.ereas.fr\/index.php?rest_route=\/wp\/v2\/types\/page"}],"author":[{"embeddable":true,"href":"http:\/\/www.ereas.fr\/index.php?rest_route=\/wp\/v2\/users\/1"}],"replies":[{"embeddable":true,"href":"http:\/\/www.ereas.fr\/index.php?rest_route=%2Fwp%2Fv2%2Fcomments&post=5"}],"version-history":[{"count":30,"href":"http:\/\/www.ereas.fr\/index.php?rest_route=\/wp\/v2\/pages\/5\/revisions"}],"predecessor-version":[{"id":439,"href":"http:\/\/www.ereas.fr\/index.php?rest_route=\/wp\/v2\/pages\/5\/revisions\/439"}],"wp:attachment":[{"href":"http:\/\/www.ereas.fr\/index.php?rest_route=%2Fwp%2Fv2%2Fmedia&parent=5"}],"curies":[{"name":"wp","href":"https:\/\/api.w.org\/{rel}","templated":true}]}}