{"id":48,"date":"2013-11-29T10:54:56","date_gmt":"2013-11-29T09:54:56","guid":{"rendered":"http:\/\/localhost\/ereas\/?page_id=48"},"modified":"2022-10-21T12:34:57","modified_gmt":"2022-10-21T11:34:57","slug":"documents-inpes","status":"publish","type":"page","link":"http:\/\/www.ereas.fr\/?page_id=48","title":{"rendered":"DOCUMENTS INPES"},"content":{"rendered":"<p><strong><span style=\"color: #0000ff;\">Questions diverses:<\/span><\/strong><\/p>\n<p><a href=\"http:\/\/localhost\/ereas\/wp-content\/uploads\/2013\/11\/questions-dados.pdf\">\u00a0<\/a><a href=\"http:\/\/www.ereas.fr\/wp-content\/uploads\/2013\/11\/questions-dados.pdf\" target=\"_blank\" rel=\"noopener noreferrer\">questions d&rsquo;ados<\/a><\/p>\n<p><a href=\"http:\/\/www.ereas.fr\/wp-content\/uploads\/2013\/11\/les-premieres-fois.pdf\" target=\"_blank\" rel=\"noopener noreferrer\">les premieres fois<\/a><\/p>\n<p><strong><span style=\"color: #0000ff;\">Pr\u00e9servatifs:<\/span><\/strong><\/p>\n<p><a href=\"http:\/\/www.ereas.fr\/wp-content\/uploads\/2013\/11\/preservatif-masculin.pdf\" target=\"_blank\" rel=\"noopener noreferrer\">preservatif masculin<\/a><\/p>\n<p><a href=\"http:\/\/www.ereas.fr\/wp-content\/uploads\/2013\/11\/preservatif-feminin.pdf\" target=\"_blank\" rel=\"noopener noreferrer\">preservatif feminin<\/a><\/p>\n<p><a href=\"http:\/\/www.ereas.fr\/wp-content\/uploads\/2013\/11\/preservatifs-masculins-et-feminins.pdf\" target=\"_blank\" rel=\"noopener noreferrer\">preservatifs masculins et feminins<\/a><\/p>\n<p><strong><span style=\"color: #0000ff;\">SIDA et IST:<\/span><\/strong><\/p>\n<p><a href=\"http:\/\/www.ereas.fr\/wp-content\/uploads\/2013\/11\/depistage-SIDA.pdf\" target=\"_blank\" rel=\"noopener noreferrer\">depistage SIDA<\/a><\/p>\n<p><strong><span style=\"color: #0000ff;\">Contraception:<\/span><\/strong><\/p>\n<p><a href=\"https:\/\/www.monurgencepilule.fr\">https:\/\/www.monurgencepilule.fr<\/a><\/p>\n<p><strong><span style=\"color: #0000ff;\">Sida:<\/span><\/strong><\/p>\n<p><a href=\"http:\/\/localhost\/ereas\/wp-content\/uploads\/2013\/11\/d\u00e9pistage-SIDA.pdf\" target=\"_blank\" rel=\"noopener noreferrer\">d\u00e9pistage SIDA<\/a><\/p>\n<p><strong><span style=\"color: #0000ff;\">Pr\u00e9servatifs:<\/span><\/strong><\/p>\n<p><a href=\"http:\/\/localhost\/ereas\/wp-content\/uploads\/2013\/11\/pr\u00e9servatifs-masculins-et-f\u00e9minins.pdf\" target=\"_blank\" rel=\"noopener noreferrer\">pr\u00e9servatifs masculins et f\u00e9minins<\/a><\/p>\n<p><a href=\"http:\/\/localhost\/ereas\/wp-content\/uploads\/2013\/11\/pr\u00e9servatif-f\u00e9minin.pdf\" target=\"_blank\" rel=\"noopener noreferrer\">pr\u00e9servatif f\u00e9minin<\/a><\/p>\n","protected":false},"excerpt":{"rendered":"<p>Questions diverses: \u00a0questions d&rsquo;ados les premieres fois Pr\u00e9servatifs: preservatif masculin preservatif feminin preservatifs masculins et feminins SIDA et IST: depistage SIDA Contraception: https:\/\/www.monurgencepilule.fr Sida: d\u00e9pistage SIDA Pr\u00e9servatifs: pr\u00e9servatifs masculins et f\u00e9minins pr\u00e9servatif f\u00e9minin<\/p>\n","protected":false},"author":1,"featured_media":0,"parent":0,"menu_order":0,"comment_status":"closed","ping_status":"closed","template":"","meta":{"footnotes":""},"class_list":["post-48","page","type-page","status-publish","hentry"],"aioseo_notices":[],"_links":{"self":[{"href":"http:\/\/www.ereas.fr\/index.php?rest_route=\/wp\/v2\/pages\/48","targetHints":{"allow":["GET"]}}],"collection":[{"href":"http:\/\/www.ereas.fr\/index.php?rest_route=\/wp\/v2\/pages"}],"about":[{"href":"http:\/\/www.ereas.fr\/index.php?rest_route=\/wp\/v2\/types\/page"}],"author":[{"embeddable":true,"href":"http:\/\/www.ereas.fr\/index.php?rest_route=\/wp\/v2\/users\/1"}],"replies":[{"embeddable":true,"href":"http:\/\/www.ereas.fr\/index.php?rest_route=%2Fwp%2Fv2%2Fcomments&post=48"}],"version-history":[{"count":48,"href":"http:\/\/www.ereas.fr\/index.php?rest_route=\/wp\/v2\/pages\/48\/revisions"}],"predecessor-version":[{"id":371,"href":"http:\/\/www.ereas.fr\/index.php?rest_route=\/wp\/v2\/pages\/48\/revisions\/371"}],"wp:attachment":[{"href":"http:\/\/www.ereas.fr\/index.php?rest_route=%2Fwp%2Fv2%2Fmedia&parent=48"}],"curies":[{"name":"wp","href":"https:\/\/api.w.org\/{rel}","templated":true}]}}