{"id":238,"date":"2014-01-22T15:57:05","date_gmt":"2014-01-22T14:57:05","guid":{"rendered":"http:\/\/www.ereas.fr\/?page_id=238"},"modified":"2021-12-13T14:49:10","modified_gmt":"2021-12-13T13:49:10","slug":"accueil","status":"publish","type":"page","link":"http:\/\/www.ereas.fr\/","title":{"rendered":"ACCUEIL"},"content":{"rendered":"<p><span style=\"font-size: large; color: #0000ff;\"><strong>Bienvenue sur le site d\u2019EREAS<\/strong><\/span><\/p>\n<p>Vous y trouverez des renseignements sur notre association et des liens vous permettant d\u2019acc\u00e9der \u00e0 diff\u00e9rents sites concernant l\u2019\u00e9ducation affective et sexuelle.<\/p>\n","protected":false},"excerpt":{"rendered":"<p>Bienvenue sur le site d\u2019EREAS Vous y trouverez des renseignements sur notre association et des liens vous permettant d\u2019acc\u00e9der \u00e0 diff\u00e9rents sites concernant l\u2019\u00e9ducation affective et sexuelle.<\/p>\n","protected":false},"author":1,"featured_media":0,"parent":0,"menu_order":0,"comment_status":"closed","ping_status":"closed","template":"","meta":{"footnotes":""},"class_list":["post-238","page","type-page","status-publish","hentry"],"aioseo_notices":[],"_links":{"self":[{"href":"http:\/\/www.ereas.fr\/index.php?rest_route=\/wp\/v2\/pages\/238","targetHints":{"allow":["GET"]}}],"collection":[{"href":"http:\/\/www.ereas.fr\/index.php?rest_route=\/wp\/v2\/pages"}],"about":[{"href":"http:\/\/www.ereas.fr\/index.php?rest_route=\/wp\/v2\/types\/page"}],"author":[{"embeddable":true,"href":"http:\/\/www.ereas.fr\/index.php?rest_route=\/wp\/v2\/users\/1"}],"replies":[{"embeddable":true,"href":"http:\/\/www.ereas.fr\/index.php?rest_route=%2Fwp%2Fv2%2Fcomments&post=238"}],"version-history":[{"count":5,"href":"http:\/\/www.ereas.fr\/index.php?rest_route=\/wp\/v2\/pages\/238\/revisions"}],"predecessor-version":[{"id":316,"href":"http:\/\/www.ereas.fr\/index.php?rest_route=\/wp\/v2\/pages\/238\/revisions\/316"}],"wp:attachment":[{"href":"http:\/\/www.ereas.fr\/index.php?rest_route=%2Fwp%2Fv2%2Fmedia&parent=238"}],"curies":[{"name":"wp","href":"https:\/\/api.w.org\/{rel}","templated":true}]}}